{"id":560,"date":"2021-03-24T08:20:40","date_gmt":"2021-03-24T07:20:40","guid":{"rendered":"http:\/\/bs.mathinic.nu\/?page_id=560"},"modified":"2022-03-22T09:33:54","modified_gmt":"2022-03-22T08:33:54","slug":"elproducenter","status":"publish","type":"page","link":"https:\/\/www.bruzaholmsstaldukar.se\/en_en\/elproducenter\/","title":{"rendered":"Electricity producers"},"content":{"rendered":"<p>[et_pb_section fb_built=&#8221;1&#8243; custom_padding_last_edited=&#8221;on|desktop&#8221; _builder_version=&#8221;4.15&#8243; _module_preset=&#8221;default&#8221; background_enable_image=&#8221;off&#8221; custom_padding=&#8221;||97px||false|false&#8221; custom_padding_tablet=&#8221;||140px||false|false&#8221; custom_padding_phone=&#8221;||140px||false|false&#8221; locked=&#8221;off&#8221; global_colors_info=&#8221;{}&#8221;][et_pb_row column_structure=&#8221;3_5,2_5&#8243; use_custom_gutter=&#8221;on&#8221; gutter_width=&#8221;1&#8243; make_equal=&#8221;on&#8221; _builder_version=&#8221;4.15&#8243; _module_preset=&#8221;default&#8221; width_tablet=&#8221;90%&#8221; width_phone=&#8221;90%&#8221; width_last_edited=&#8221;off|desktop&#8221; max_width_tablet=&#8221;90%&#8221; max_width_phone=&#8221;90%&#8221; max_width_last_edited=&#8221;off|desktop&#8221; custom_padding=&#8221;0px||0px||true|&#8221; global_colors_info=&#8221;{}&#8221;][et_pb_column type=&#8221;3_5&#8243; _builder_version=&#8221;4.15&#8243; _module_preset=&#8221;default&#8221; background_color=&#8221;#FFFFFF&#8221; custom_padding=&#8221;70px||70px||true|true&#8221; custom_padding_tablet=&#8221;&#8221; custom_padding_phone=&#8221;50px|30px|50px|30px|true|true&#8221; custom_padding_last_edited=&#8221;on|desktop&#8221; global_colors_info=&#8221;{}&#8221;][et_pb_blurb title=&#8221;BRUZAHOLMS ST\u00c5LDUKAR AB&#8221; use_icon=&#8221;on&#8221; font_icon=&#8221;&#xe0ef;||divi||400&#8243; icon_placement=&#8221;left&#8221; image_icon_width=&#8221;26px&#8221; content_max_width=&#8221;100%&#8221; _builder_version=&#8221;4.15&#8243; _module_preset=&#8221;default&#8221; header_font=&#8221;Barlow||||||||&#8221; header_text_align=&#8221;left&#8221; header_text_color=&#8221;#1a1a1a&#8221; header_font_size=&#8221;14px&#8221; header_line_height=&#8221;1.3em&#8221; custom_margin=&#8221;|||-5px|false|false&#8221; animation=&#8221;off&#8221; icon_font_size=&#8221;26px&#8221; global_colors_info=&#8221;{}&#8221;][\/et_pb_blurb][et_pb_text _builder_version=&#8221;4.15&#8243; _module_preset=&#8221;default&#8221; header_3_font=&#8221;Barlow|600|||||||&#8221; header_3_text_align=&#8221;left&#8221; header_3_text_color=&#8221;#1a1a1a&#8221; header_3_font_size=&#8221;48px&#8221; custom_margin=&#8221;3px||||false|false&#8221; header_3_font_size_tablet=&#8221;&#8221; header_3_font_size_phone=&#8221;35px&#8221; header_3_font_size_last_edited=&#8221;on|phone&#8221; global_colors_info=&#8221;{}&#8221;]<\/p>\n<h3>Vi producerar el<\/h3>\n<p>[\/et_pb_text][et_pb_text _builder_version=&#8221;4.15&#8243; _module_preset=&#8221;default&#8221; header_3_font=&#8221;Barlow|600|||||||&#8221; header_3_text_align=&#8221;left&#8221; header_3_text_color=&#8221;#1a1a1a&#8221; header_3_font_size=&#8221;48px&#8221; header_5_line_height=&#8221;1.3em&#8221; custom_margin=&#8221;20px||||false|false&#8221; header_3_font_size_tablet=&#8221;&#8221; header_3_font_size_phone=&#8221;35px&#8221; header_3_font_size_last_edited=&#8221;on|phone&#8221; global_colors_info=&#8221;{}&#8221;]<\/p>\n<h5>Bruzaholms St\u00e5ldukar AB producerar och levererar el fr\u00e5n solkraft till E.ON. P\u00e5 s\u00e5 s\u00e4tt st\u00f6djer vi utbyggnaden av det f\u00f6rnybara energisystemet och bidrar till minskad milj\u00f6p\u00e5verkan.<\/h5>\n<p>[\/et_pb_text][et_pb_blurb title=&#8221;F\u00f6rdelar med solenergi&#8221; use_icon=&#8221;on&#8221; font_icon=&#8221;&#xe007;||divi||400&#8243; icon_placement=&#8221;left&#8221; image_icon_width=&#8221;33px&#8221; _builder_version=&#8221;4.15&#8243; _module_preset=&#8221;default&#8221; custom_margin=&#8221;25px||||false|false&#8221; custom_padding=&#8221;||||false|false&#8221; custom_css_blurb_title=&#8221;padding-top:7px;&#8221; icon_font_size=&#8221;33px&#8221; global_colors_info=&#8221;{}&#8221;]<\/p>\n<ul>\n<li>Solens energi \u00e4r st\u00e4ndigt f\u00f6rnybar, den kommer inte ta slut inom \u00f6versk\u00e5dlig tid.<\/li>\n<li>Solenergi ger inga utsl\u00e4pp under v\u00e4rme- och elproduktionen. Omvandlingen fr\u00e5n solens str\u00e5lar till energi avger inte koldioxid eller andra utsl\u00e4pp som p\u00e5verkar milj\u00f6n.<\/li>\n<\/ul>\n<p>[\/et_pb_blurb][\/et_pb_column][et_pb_column type=&#8221;2_5&#8243; _builder_version=&#8221;4.15&#8243; _module_preset=&#8221;default&#8221; global_colors_info=&#8221;{}&#8221;][et_pb_image src=&#8221;https:\/\/www.bruzaholmsstaldukar.se\/wp-content\/uploads\/2022\/03\/swe-delningsbild-producent-solkraft-2022-scaled.jpg&#8221; title_text=&#8221;swe-delningsbild-producent-solkraft 2022&#8243; _builder_version=&#8221;4.15.1&#8243; _module_preset=&#8221;default&#8221; custom_margin=&#8221;70px||-70px||false|false&#8221; custom_margin_tablet=&#8221;0px||0px||false|false&#8221; custom_margin_phone=&#8221;0px||0px||false|false&#8221; custom_margin_last_edited=&#8221;on|tablet&#8221; scroll_vertical_motion=&#8221;0|50|50|100|0.5|0|0.5&#8243; hover_enabled=&#8221;0&#8243; scroll_vertical_motion_tablet=&#8221;0|50|50|100|0|0|0&#8243; scroll_vertical_motion_phone=&#8221;0|50|50|100|0|0|0&#8243; scroll_vertical_motion_last_edited=&#8221;on|phone&#8221; global_colors_info=&#8221;{}&#8221; sticky_enabled=&#8221;0&#8243;][\/et_pb_image][\/et_pb_column][\/et_pb_row][\/et_pb_section]<\/p>\n","protected":false},"excerpt":{"rendered":"<p>Vi producerar elBruzaholms St\u00e5ldukar AB producerar och levererar el fr\u00e5n solkraft till E.ON. P\u00e5 s\u00e5 s\u00e4tt st\u00f6djer vi utbyggnaden av det f\u00f6rnybara energisystemet och bidrar till minskad milj\u00f6p\u00e5verkan. Solens energi \u00e4r st\u00e4ndigt f\u00f6rnybar, den kommer inte ta slut inom \u00f6versk\u00e5dlig tid. Solenergi ger inga utsl\u00e4pp under v\u00e4rme- och elproduktionen. Omvandlingen fr\u00e5n solens str\u00e5lar till energi [&hellip;]<\/p>\n","protected":false},"author":1,"featured_media":0,"parent":0,"menu_order":0,"comment_status":"closed","ping_status":"closed","template":"","meta":{"_et_pb_use_builder":"on","_et_pb_old_content":"","_et_gb_content_width":"","footnotes":""},"class_list":["post-560","page","type-page","status-publish","hentry"],"_links":{"self":[{"href":"https:\/\/www.bruzaholmsstaldukar.se\/en_en\/wp-json\/wp\/v2\/pages\/560","targetHints":{"allow":["GET"]}}],"collection":[{"href":"https:\/\/www.bruzaholmsstaldukar.se\/en_en\/wp-json\/wp\/v2\/pages"}],"about":[{"href":"https:\/\/www.bruzaholmsstaldukar.se\/en_en\/wp-json\/wp\/v2\/types\/page"}],"author":[{"embeddable":true,"href":"https:\/\/www.bruzaholmsstaldukar.se\/en_en\/wp-json\/wp\/v2\/users\/1"}],"replies":[{"embeddable":true,"href":"https:\/\/www.bruzaholmsstaldukar.se\/en_en\/wp-json\/wp\/v2\/comments?post=560"}],"version-history":[{"count":5,"href":"https:\/\/www.bruzaholmsstaldukar.se\/en_en\/wp-json\/wp\/v2\/pages\/560\/revisions"}],"predecessor-version":[{"id":666,"href":"https:\/\/www.bruzaholmsstaldukar.se\/en_en\/wp-json\/wp\/v2\/pages\/560\/revisions\/666"}],"wp:attachment":[{"href":"https:\/\/www.bruzaholmsstaldukar.se\/en_en\/wp-json\/wp\/v2\/media?parent=560"}],"curies":[{"name":"wp","href":"https:\/\/api.w.org\/{rel}","templated":true}]}}