{"id":207,"date":"2021-03-23T17:23:10","date_gmt":"2021-03-23T16:23:10","guid":{"rendered":"http:\/\/bs.mathinic.nu\/?page_id=207"},"modified":"2024-10-23T10:48:45","modified_gmt":"2024-10-23T08:48:45","slug":"om-oss","status":"publish","type":"page","link":"https:\/\/www.bruzaholmsstaldukar.se\/en_en\/om-oss\/","title":{"rendered":"About us"},"content":{"rendered":"<p>[et_pb_section fb_built=&#8221;1&#8243; _builder_version=&#8221;4.16&#8243; _module_preset=&#8221;default&#8221; background_color=&#8221;#f7f7f7&#8243; background_enable_image=&#8221;off&#8221; background_size=&#8221;initial&#8221; background_position=&#8221;top_left&#8221; custom_padding=&#8221;140px||70px||false|false&#8221; global_colors_info=&#8221;{}&#8221;][et_pb_row column_structure=&#8221;2_5,3_5&#8243; use_custom_gutter=&#8221;on&#8221; gutter_width=&#8221;1&#8243; make_equal=&#8221;on&#8221; module_id=&#8221;om-oss&#8221; _builder_version=&#8221;4.16&#8243; _module_preset=&#8221;default&#8221; z_index=&#8221;285&#8243; width=&#8221;90%&#8221; width_tablet=&#8221;90%&#8221; width_phone=&#8221;90%&#8221; width_last_edited=&#8221;on|desktop&#8221; max_width=&#8221;1140px&#8221; max_width_tablet=&#8221;90%&#8221; max_width_phone=&#8221;90%&#8221; max_width_last_edited=&#8221;on|tablet&#8221; custom_padding=&#8221;0px||0px||false|false&#8221; global_colors_info=&#8221;{}&#8221;][et_pb_column type=&#8221;2_5&#8243; _builder_version=&#8221;4.16&#8243; _module_preset=&#8221;default&#8221; global_colors_info=&#8221;{}&#8221;][et_pb_image src=&#8221;https:\/\/www.bruzaholmsstaldukar.se\/wp-content\/uploads\/2021\/03\/tillverkning.jpg&#8221; title_text=&#8221;tillverkning&#8221; _builder_version=&#8221;4.16&#8243; _module_preset=&#8221;default&#8221; z_index=&#8221;218&#8243; custom_margin=&#8221;||||false|false&#8221; scroll_vertical_motion=&#8221;0|50|50|100|0.5|0|0.5&#8243; scroll_vertical_motion_tablet=&#8221;0|50|50|100|0|0|0&#8243; scroll_vertical_motion_phone=&#8221;0|50|50|100|0|0|0&#8243; scroll_vertical_motion_last_edited=&#8221;on|phone&#8221; global_colors_info=&#8221;{}&#8221;][\/et_pb_image][\/et_pb_column][et_pb_column type=&#8221;3_5&#8243; _builder_version=&#8221;4.16&#8243; _module_preset=&#8221;default&#8221; background_color=&#8221;#FFFFFF&#8221; custom_padding=&#8221;70px|70px|70px|70px|true|true&#8221; custom_padding_tablet=&#8221;&#8221; custom_padding_phone=&#8221;50px|30px|50px|30px|true|true&#8221; custom_padding_last_edited=&#8221;on|desktop&#8221; global_colors_info=&#8221;{}&#8221;][et_pb_blurb title=&#8221;Bruzaholms St\u00e5ldukar&#8221; use_icon=&#8221;on&#8221; font_icon=&#8221;&#xe0ef;||divi||400&#8243; icon_color=&#8221;#3267AB&#8221; icon_placement=&#8221;left&#8221; image_icon_width=&#8221;24px&#8221; content_max_width=&#8221;100%&#8221; _builder_version=&#8221;4.16&#8243; _module_preset=&#8221;default&#8221; header_font=&#8221;Barlow||||||||&#8221; header_text_align=&#8221;left&#8221; header_text_color=&#8221;#1a1a1a&#8221; header_font_size=&#8221;14px&#8221; header_line_height=&#8221;1.3em&#8221; custom_margin=&#8221;|||-6px|false|false&#8221; animation=&#8221;off&#8221; icon_font_size=&#8221;24px&#8221; global_colors_info=&#8221;{}&#8221;][\/et_pb_blurb][et_pb_text _builder_version=&#8221;4.16&#8243; _module_preset=&#8221;default&#8221; header_3_font=&#8221;Barlow|600|||||||&#8221; header_3_text_align=&#8221;left&#8221; header_3_text_color=&#8221;#1a1a1a&#8221; header_3_font_size=&#8221;48px&#8221; custom_margin=&#8221;3px||||false|false&#8221; header_3_font_size_tablet=&#8221;&#8221; header_3_font_size_phone=&#8221;35px&#8221; header_3_font_size_last_edited=&#8221;on|phone&#8221; global_colors_info=&#8221;{}&#8221;]<\/p>\n<h3>L\u00e5ng tradition<\/h3>\n<p>[\/et_pb_text][et_pb_text _builder_version=&#8221;4.27.2&#8243; _module_preset=&#8221;default&#8221; text_font=&#8221;Roboto Condensed||||||||&#8221; text_text_color=&#8221;#808080&#8243; text_font_size=&#8221;15px&#8221; text_line_height=&#8221;1.8em&#8221; custom_margin=&#8221;15px||||false|false&#8221; hover_enabled=&#8221;0&#8243; global_colors_info=&#8221;{}&#8221; sticky_enabled=&#8221;0&#8243;]<\/p>\n<p><b>Bruzaholm<\/b> har en l\u00e5ng tradition n\u00e4r det g\u00e4ller framst\u00e4llning av metallduk. Sedan b\u00f6rjan av 1900-talet har den levererats till kunder \u00f6ver hela v\u00e4rlden, f\u00f6r massa-, pappers- och boardindustrin.<\/p>\n<p>St\u00e5lduken anv\u00e4nds fr\u00e4mst som bekl\u00e4dnad p\u00e5 massa- och pappersbrukens tv\u00e4tt- och blekerifilter men ocks\u00e5 p\u00e5 m\u00e5nga andra typer av filter. St\u00e5lduken har de b\u00e4sta egenskaper f\u00f6r filtrering och silning. Vi har utrustning f\u00f6r att klippa, bocka och l\u00f6da. Det betyder att st\u00e5lduken g\u00e5r att f\u00e5 i det n\u00e4rmaste skr\u00e4ddarsydd.<\/p>\n<p>Produkterna fr\u00e5n Bruzaholms St\u00e5ldukar f\u00f6renar h\u00f6g kvalitet med l\u00e5ng tradition.<\/p>\n<p>Vi har en kapacitet p\u00e5 upp till 8,2 meter breda dukar, som efter v\u00e4vning handklipps till best\u00e4llda m\u00e5tt. Vi l\u00e4gger ocks\u00e5 stor vikt vid emballeringen och anv\u00e4nder d\u00e4rf\u00f6r f\u00f6rstklassigt tr\u00e4emballage f\u00f6r s\u00e4kra transporter och hantering i ert lager.<\/p>\n<p>[\/et_pb_text][et_pb_blurb title=&#8221;Lorem ipsum dolor sit amet&#8221; image=&#8221;https:\/\/www.bruzaholmsstaldukar.se\/wp-content\/uploads\/2021\/03\/fence5-12.png&#8221; icon_placement=&#8221;left&#8221; image_icon_width=&#8221;14px&#8221; content_max_width=&#8221;100%&#8221; disabled_on=&#8221;on|on|on&#8221; _builder_version=&#8221;4.16&#8243; _module_preset=&#8221;default&#8221; header_font=&#8221;Roboto Condensed||||||||&#8221; header_text_align=&#8221;left&#8221; header_text_color=&#8221;#808080&#8243; header_font_size=&#8221;15px&#8221; custom_margin=&#8221;30px|||-9px|false|false&#8221; animation=&#8221;off&#8221; border_width_top_image=&#8221;1px&#8221; border_color_top_image=&#8221;RGBA(0,0,0,0)&#8221; image_max_width=&#8221;14px&#8221; disabled=&#8221;on&#8221; global_colors_info=&#8221;{}&#8221;][\/et_pb_blurb][\/et_pb_column][\/et_pb_row][et_pb_row use_custom_gutter=&#8221;on&#8221; gutter_width=&#8221;2&#8243; make_equal=&#8221;on&#8221; _builder_version=&#8221;4.16&#8243; _module_preset=&#8221;default&#8221; width=&#8221;90%&#8221; width_tablet=&#8221;90%&#8221; width_phone=&#8221;90%&#8221; width_last_edited=&#8221;on|desktop&#8221; max_width=&#8221;1140px&#8221; max_width_tablet=&#8221;90%&#8221; max_width_phone=&#8221;90%&#8221; max_width_last_edited=&#8221;on|tablet&#8221; custom_padding=&#8221;0px||0px||true|&#8221; global_colors_info=&#8221;{}&#8221;][et_pb_column type=&#8221;4_4&#8243; _builder_version=&#8221;4.16&#8243; _module_preset=&#8221;default&#8221; global_colors_info=&#8221;{}&#8221;][et_pb_image src=&#8221;https:\/\/www.bruzaholmsstaldukar.se\/wp-content\/uploads\/2021\/03\/fence5-4.png&#8221; title_text=&#8221;fence5 (4)&#8221; align=&#8221;right&#8221; _builder_version=&#8221;4.16&#8243; _module_preset=&#8221;default&#8221; custom_margin=&#8221;-224px|196px|||false|false&#8221; global_colors_info=&#8221;{}&#8221;][\/et_pb_image][\/et_pb_column][\/et_pb_row][\/et_pb_section]<\/p>\n","protected":false},"excerpt":{"rendered":"<p>L\u00e5ng traditionBruzaholm har en l\u00e5ng tradition n\u00e4r det g\u00e4ller framst\u00e4llning av metallduk. Sedan b\u00f6rjan av 1900-talet har den levererats till kunder \u00f6ver hela v\u00e4rlden, f\u00f6r massa-, pappers- och boardindustrin. St\u00e5lduken anv\u00e4nds fr\u00e4mst som bekl\u00e4dnad p\u00e5 massa- och pappersbrukens tv\u00e4tt- och blekerifilter men ocks\u00e5 p\u00e5 m\u00e5nga andra typer av filter. St\u00e5lduken har de b\u00e4sta egenskaper f\u00f6r [&hellip;]<\/p>\n","protected":false},"author":1,"featured_media":0,"parent":0,"menu_order":0,"comment_status":"closed","ping_status":"closed","template":"","meta":{"_et_pb_use_builder":"on","_et_pb_old_content":"","_et_gb_content_width":"","footnotes":""},"class_list":["post-207","page","type-page","status-publish","hentry"],"_links":{"self":[{"href":"https:\/\/www.bruzaholmsstaldukar.se\/en_en\/wp-json\/wp\/v2\/pages\/207","targetHints":{"allow":["GET"]}}],"collection":[{"href":"https:\/\/www.bruzaholmsstaldukar.se\/en_en\/wp-json\/wp\/v2\/pages"}],"about":[{"href":"https:\/\/www.bruzaholmsstaldukar.se\/en_en\/wp-json\/wp\/v2\/types\/page"}],"author":[{"embeddable":true,"href":"https:\/\/www.bruzaholmsstaldukar.se\/en_en\/wp-json\/wp\/v2\/users\/1"}],"replies":[{"embeddable":true,"href":"https:\/\/www.bruzaholmsstaldukar.se\/en_en\/wp-json\/wp\/v2\/comments?post=207"}],"version-history":[{"count":10,"href":"https:\/\/www.bruzaholmsstaldukar.se\/en_en\/wp-json\/wp\/v2\/pages\/207\/revisions"}],"predecessor-version":[{"id":677,"href":"https:\/\/www.bruzaholmsstaldukar.se\/en_en\/wp-json\/wp\/v2\/pages\/207\/revisions\/677"}],"wp:attachment":[{"href":"https:\/\/www.bruzaholmsstaldukar.se\/en_en\/wp-json\/wp\/v2\/media?parent=207"}],"curies":[{"name":"wp","href":"https:\/\/api.w.org\/{rel}","templated":true}]}}