{"id":130,"date":"2021-03-05T11:27:47","date_gmt":"2021-03-05T10:27:47","guid":{"rendered":"http:\/\/bs.mathinic.nu\/?page_id=130"},"modified":"2024-10-23T10:47:47","modified_gmt":"2024-10-23T08:47:47","slug":"kvalitet-miljo","status":"publish","type":"page","link":"https:\/\/www.bruzaholmsstaldukar.se\/en_en\/kvalitet-miljo\/","title":{"rendered":"Quality policy"},"content":{"rendered":"<p>[et_pb_section fb_built=&#8221;1&#8243; custom_padding_last_edited=&#8221;on|desktop&#8221; _builder_version=&#8221;4.16&#8243; _module_preset=&#8221;default&#8221; background_enable_image=&#8221;off&#8221; custom_padding=&#8221;||97px||false|false&#8221; custom_padding_tablet=&#8221;||140px||false|false&#8221; custom_padding_phone=&#8221;||140px||false|false&#8221; locked=&#8221;off&#8221; global_colors_info=&#8221;{}&#8221;][et_pb_row column_structure=&#8221;3_5,2_5&#8243; use_custom_gutter=&#8221;on&#8221; gutter_width=&#8221;1&#8243; make_equal=&#8221;on&#8221; _builder_version=&#8221;4.16&#8243; _module_preset=&#8221;default&#8221; width_tablet=&#8221;90%&#8221; width_phone=&#8221;90%&#8221; width_last_edited=&#8221;off|desktop&#8221; max_width_tablet=&#8221;90%&#8221; max_width_phone=&#8221;90%&#8221; max_width_last_edited=&#8221;off|desktop&#8221; custom_padding=&#8221;0px||0px||true|&#8221; global_colors_info=&#8221;{}&#8221;][et_pb_column type=&#8221;3_5&#8243; _builder_version=&#8221;4.16&#8243; _module_preset=&#8221;default&#8221; background_color=&#8221;#FFFFFF&#8221; custom_padding=&#8221;70px||70px||true|true&#8221; custom_padding_tablet=&#8221;&#8221; custom_padding_phone=&#8221;50px|30px|50px|30px|true|true&#8221; custom_padding_last_edited=&#8221;on|desktop&#8221; global_colors_info=&#8221;{}&#8221;][et_pb_blurb title=&#8221;BRUZAHOLMS ST\u00c5LDUKAR AB&#8221; use_icon=&#8221;on&#8221; font_icon=&#8221;&#xe0ef;||divi||400&#8243; icon_placement=&#8221;left&#8221; image_icon_width=&#8221;26px&#8221; content_max_width=&#8221;100%&#8221; _builder_version=&#8221;4.16&#8243; _module_preset=&#8221;default&#8221; header_font=&#8221;Barlow||||||||&#8221; header_text_align=&#8221;left&#8221; header_text_color=&#8221;#1a1a1a&#8221; header_font_size=&#8221;14px&#8221; header_line_height=&#8221;1.3em&#8221; custom_margin=&#8221;|||-5px|false|false&#8221; animation=&#8221;off&#8221; icon_font_size=&#8221;26px&#8221; global_colors_info=&#8221;{}&#8221;][\/et_pb_blurb][et_pb_text _builder_version=&#8221;4.16&#8243; _module_preset=&#8221;default&#8221; header_3_font=&#8221;Barlow|600|||||||&#8221; header_3_text_align=&#8221;left&#8221; header_3_text_color=&#8221;#1a1a1a&#8221; header_3_font_size=&#8221;48px&#8221; custom_margin=&#8221;3px||||false|false&#8221; header_3_font_size_tablet=&#8221;&#8221; header_3_font_size_phone=&#8221;35px&#8221; header_3_font_size_last_edited=&#8221;on|phone&#8221; global_colors_info=&#8221;{}&#8221;]<\/p>\n<h3>V\u00e5r kvalitetspolicy<\/h3>\n<p>[\/et_pb_text][et_pb_text _builder_version=&#8221;4.16&#8243; _module_preset=&#8221;default&#8221; header_3_font=&#8221;Barlow|600|||||||&#8221; header_3_text_align=&#8221;left&#8221; header_3_text_color=&#8221;#1a1a1a&#8221; header_3_font_size=&#8221;48px&#8221; header_5_line_height=&#8221;1.3em&#8221; custom_margin=&#8221;20px||||false|false&#8221; header_3_font_size_tablet=&#8221;&#8221; header_3_font_size_phone=&#8221;35px&#8221; header_3_font_size_last_edited=&#8221;on|phone&#8221; global_colors_info=&#8221;{}&#8221;]<\/p>\n<h5>Vi uppfyller kundernas krav, f\u00f6rv\u00e4ntningar och behov. Det f\u00f6ruts\u00e4tter  att vi levererar produkter med r\u00e4tt kvalitet, i r\u00e4tt tid och till r\u00e4tt pris. F\u00f6retaget satsar p\u00e5 totalt nollfels t\u00e4nkande. V\u00e4gen dit \u00e4r ansvar f\u00f6r kundens \u00f6nskem\u00e5l, ett fungerande kvalitetssystem, \u00f6msesidigt f\u00f6rtroende i f\u00f6retaget och kompetensutveckling.<\/h5>\n<p>[\/et_pb_text][et_pb_blurb title=&#8221;Vi st\u00e4var efter&#8221; use_icon=&#8221;on&#8221; font_icon=&#8221;&#xe60f;||divi||400&#8243; icon_placement=&#8221;left&#8221; image_icon_width=&#8221;33px&#8221; _builder_version=&#8221;4.16&#8243; _module_preset=&#8221;default&#8221; custom_margin=&#8221;25px||||false|false&#8221; custom_padding=&#8221;||||false|false&#8221; custom_css_blurb_title=&#8221;padding-top:7px;&#8221; icon_font_size=&#8221;33px&#8221; global_colors_info=&#8221;{}&#8221;]<\/p>\n<ul>\n<li>N\u00f6jda kunder<\/li>\n<li>God l\u00f6nsamhet<\/li>\n<li>V\u00e4nligt bem\u00f6tande<\/li>\n<li>Ordning och reda<\/li>\n<li>H\u00e5lla vad vi lovar<\/li>\n<li>R\u00e4tt material<\/li>\n<li>G\u00f6ra r\u00e4tt fr\u00e5n b\u00f6rjan<\/li>\n<li>St\u00e4ndiga f\u00f6rb\u00e4ttringar<\/li>\n<\/ul>\n<p>[\/et_pb_blurb][\/et_pb_column][et_pb_column type=&#8221;2_5&#8243; _builder_version=&#8221;4.16&#8243; _module_preset=&#8221;default&#8221; global_colors_info=&#8221;{}&#8221;][et_pb_image src=&#8221;https:\/\/www.bruzaholmsstaldukar.se\/wp-content\/uploads\/2024\/10\/Marke-F-9001_17021-2018_TUV.jpg&#8221; title_text=&#8221;Marke F-9001_17021-2018_TUV&#8221; _builder_version=&#8221;4.27.2&#8243; _module_preset=&#8221;default&#8221; custom_margin=&#8221;145px||||false|false&#8221; hover_enabled=&#8221;0&#8243; global_colors_info=&#8221;{}&#8221; sticky_enabled=&#8221;0&#8243;][\/et_pb_image][\/et_pb_column][\/et_pb_row][\/et_pb_section]<\/p>\n","protected":false},"excerpt":{"rendered":"<p>V\u00e5r kvalitetspolicyVi uppfyller kundernas krav, f\u00f6rv\u00e4ntningar och behov. Det f\u00f6ruts\u00e4tter att vi levererar produkter med r\u00e4tt kvalitet, i r\u00e4tt tid och till r\u00e4tt pris. F\u00f6retaget satsar p\u00e5 totalt nollfels t\u00e4nkande. V\u00e4gen dit \u00e4r ansvar f\u00f6r kundens \u00f6nskem\u00e5l, ett fungerande kvalitetssystem, \u00f6msesidigt f\u00f6rtroende i f\u00f6retaget och kompetensutveckling. N\u00f6jda kunder God l\u00f6nsamhet V\u00e4nligt bem\u00f6tande Ordning och reda [&hellip;]<\/p>\n","protected":false},"author":1,"featured_media":0,"parent":0,"menu_order":0,"comment_status":"closed","ping_status":"closed","template":"","meta":{"_et_pb_use_builder":"on","_et_pb_old_content":"","_et_gb_content_width":"","footnotes":""},"class_list":["post-130","page","type-page","status-publish","hentry"],"_links":{"self":[{"href":"https:\/\/www.bruzaholmsstaldukar.se\/en_en\/wp-json\/wp\/v2\/pages\/130","targetHints":{"allow":["GET"]}}],"collection":[{"href":"https:\/\/www.bruzaholmsstaldukar.se\/en_en\/wp-json\/wp\/v2\/pages"}],"about":[{"href":"https:\/\/www.bruzaholmsstaldukar.se\/en_en\/wp-json\/wp\/v2\/types\/page"}],"author":[{"embeddable":true,"href":"https:\/\/www.bruzaholmsstaldukar.se\/en_en\/wp-json\/wp\/v2\/users\/1"}],"replies":[{"embeddable":true,"href":"https:\/\/www.bruzaholmsstaldukar.se\/en_en\/wp-json\/wp\/v2\/comments?post=130"}],"version-history":[{"count":42,"href":"https:\/\/www.bruzaholmsstaldukar.se\/en_en\/wp-json\/wp\/v2\/pages\/130\/revisions"}],"predecessor-version":[{"id":676,"href":"https:\/\/www.bruzaholmsstaldukar.se\/en_en\/wp-json\/wp\/v2\/pages\/130\/revisions\/676"}],"wp:attachment":[{"href":"https:\/\/www.bruzaholmsstaldukar.se\/en_en\/wp-json\/wp\/v2\/media?parent=130"}],"curies":[{"name":"wp","href":"https:\/\/api.w.org\/{rel}","templated":true}]}}