{"id":128,"date":"2021-03-05T11:27:32","date_gmt":"2021-03-05T10:27:32","guid":{"rendered":"http:\/\/bs.mathinic.nu\/?page_id=128"},"modified":"2024-10-23T10:46:46","modified_gmt":"2024-10-23T08:46:46","slug":"vara-kvaliteter","status":"publish","type":"page","link":"https:\/\/www.bruzaholmsstaldukar.se\/en_en\/vara-kvaliteter\/","title":{"rendered":"Our qualities"},"content":{"rendered":"<p>[et_pb_section fb_built=&#8221;1&#8243; _builder_version=&#8221;4.16&#8243; _module_preset=&#8221;default&#8221; background_enable_color=&#8221;off&#8221; background_enable_image=&#8221;off&#8221; background_size=&#8221;initial&#8221; background_position=&#8221;top_left&#8221; custom_padding=&#8221;140px||70px||false|false&#8221; global_colors_info=&#8221;{}&#8221;][et_pb_row column_structure=&#8221;3_4,1_4&#8243; use_custom_gutter=&#8221;on&#8221; gutter_width=&#8221;2&#8243; make_equal=&#8221;on&#8221; _builder_version=&#8221;4.16&#8243; _module_preset=&#8221;default&#8221; width=&#8221;90%&#8221; width_tablet=&#8221;90%&#8221; width_phone=&#8221;90%&#8221; width_last_edited=&#8221;on|desktop&#8221; max_width=&#8221;1140px&#8221; max_width_tablet=&#8221;90%&#8221; max_width_phone=&#8221;90%&#8221; max_width_last_edited=&#8221;on|tablet&#8221; custom_padding=&#8221;0px||0px||true|&#8221; global_colors_info=&#8221;{}&#8221;][et_pb_column type=&#8221;3_4&#8243; _builder_version=&#8221;4.16&#8243; _module_preset=&#8221;default&#8221; global_colors_info=&#8221;{}&#8221;][et_pb_text _builder_version=&#8221;4.27.2&#8243; _module_preset=&#8221;default&#8221; hover_enabled=&#8221;0&#8243; global_colors_info=&#8221;{}&#8221; sticky_enabled=&#8221;0&#8243;]<\/p>\n<h2>V\u00e5rt standardsortiment av syrafasta st\u00e5ldukar<\/h2>\n\n<table id=\"tablepress-1\" class=\"tablepress tablepress-id-1\">\n<thead>\n<tr class=\"row-1\">\n\t<th class=\"column-1\">Tr\u00e5dar per cm<\/th><th class=\"column-2\">Mesh (per tum)<\/th><th class=\"column-3\">Tr\u00e5ddiameter mm<\/th><th class=\"column-4\">Mask\u00f6ppning mm<\/th><th class=\"column-5\">\u00d6ppenhet %<\/th><th class=\"column-6\">Vikt kg\/m2<\/th>\n<\/tr>\n<\/thead>\n<tbody class=\"row-striping row-hover\">\n<tr class=\"row-2\">\n\t<td class=\"column-1\">4\/4<\/td><td class=\"column-2\">10\/10<\/td><td class=\"column-3\">0,60<\/td><td class=\"column-4\">1,9x1,9<\/td><td class=\"column-5\">57,8<\/td><td class=\"column-6\">1,86<\/td>\n<\/tr>\n<tr class=\"row-3\">\n\t<td class=\"column-1\">8\/7<\/td><td class=\"column-2\">20\/18<\/td><td class=\"column-3\">0,50<\/td><td class=\"column-4\">0,75x0,93<\/td><td class=\"column-5\">39<\/td><td class=\"column-6\">2,29<\/td>\n<\/tr>\n<tr class=\"row-4\">\n\t<td class=\"column-1\">8\/8<\/td><td class=\"column-2\">20\/20<\/td><td class=\"column-3\">0,40<\/td><td class=\"column-4\">0,85x0,85<\/td><td class=\"column-5\">46<\/td><td class=\"column-6\">1,57<\/td>\n<\/tr>\n<tr class=\"row-5\">\n\t<td class=\"column-1\">10\/8<\/td><td class=\"column-2\">25\/20<\/td><td class=\"column-3\">0,40<\/td><td class=\"column-4\">0,60x0,85<\/td><td class=\"column-5\">41<\/td><td class=\"column-6\">1,76<\/td>\n<\/tr>\n<tr class=\"row-6\">\n\t<td class=\"column-1\">10\/10<\/td><td class=\"column-2\">25\/25<\/td><td class=\"column-3\">0,35<\/td><td class=\"column-4\">0,65x0,65<\/td><td class=\"column-5\">42<\/td><td class=\"column-6\">1,50<\/td>\n<\/tr>\n<tr class=\"row-7\">\n\t<td class=\"column-1\">12\/10<\/td><td class=\"column-2\">30\/25<\/td><td class=\"column-3\">0,35<\/td><td class=\"column-4\">0,48x0,65<\/td><td class=\"column-5\">37<\/td><td class=\"column-6\">1,64<\/td>\n<\/tr>\n<tr class=\"row-8\">\n\t<td class=\"column-1\">12\/12<\/td><td class=\"column-2\">30\/30<\/td><td class=\"column-3\">0,30<\/td><td class=\"column-4\">0,53x0,53<\/td><td class=\"column-5\">41<\/td><td class=\"column-6\">1,32<\/td>\n<\/tr>\n<tr class=\"row-9\">\n\t<td class=\"column-1\">14\/14<\/td><td class=\"column-2\">36\/36<\/td><td class=\"column-3\">0,25<\/td><td class=\"column-4\">0,46x0,46<\/td><td class=\"column-5\">42<\/td><td class=\"column-6\">1,07<\/td>\n<\/tr>\n<tr class=\"row-10\">\n\t<td class=\"column-1\">16\/16<\/td><td class=\"column-2\">40\/40<\/td><td class=\"column-3\">0,25<\/td><td class=\"column-4\">0,37x0,37<\/td><td class=\"column-5\">36<\/td><td class=\"column-6\">1,23<\/td>\n<\/tr>\n<tr class=\"row-11\">\n\t<td class=\"column-1\">21\/20<\/td><td class=\"column-2\">53\/51<\/td><td class=\"column-3\">0,22<\/td><td class=\"column-4\">0,26x0,28<\/td><td class=\"column-5\">30<\/td><td class=\"column-6\">1,21<\/td>\n<\/tr>\n<\/tbody>\n<\/table>\n<!-- #tablepress-1 from cache -->\n<p><strong>Andra kvaliteter offereras p\u00e5 beg\u00e4ran.<\/strong><br \/><strong>Vi v\u00e4ver i tr\u00e5dkvaliteterna 1,4404; 1,4435; 1,4438<\/strong><br \/><strong>Max v\u00e4vbredd 8,2 m<\/strong><\/p>\n<p>[\/et_pb_text][\/et_pb_column][et_pb_column type=&#8221;1_4&#8243; _builder_version=&#8221;4.16&#8243; _module_preset=&#8221;default&#8221; global_colors_info=&#8221;{}&#8221;][et_pb_image src=&#8221;https:\/\/www.bruzaholmsstaldukar.se\/wp-content\/uploads\/2021\/03\/staldukswe.jpg&#8221; title_text=&#8221;staldukswe&#8221; show_in_lightbox=&#8221;on&#8221; _builder_version=&#8221;4.16&#8243; _module_preset=&#8221;default&#8221; custom_margin=&#8221;40px||||false|false&#8221; global_colors_info=&#8221;{}&#8221;][\/et_pb_image][\/et_pb_column][\/et_pb_row][\/et_pb_section]<\/p>\n","protected":false},"excerpt":{"rendered":"<p>Our range of steel wire cloths \n<table id=\"tablepress-1-no-2\" class=\"tablepress tablepress-id-1\">\n<thead>\n<tr class=\"row-1\">\n\t<th class=\"column-1\">Wires per cm<\/th><th class=\"column-2\">Mesh count (per inch)<\/th><th class=\"column-3\">Wire diameter mm<\/th><th class=\"column-4\">Apertures mm<\/th><th class=\"column-5\">Opening area %<\/th><th class=\"column-6\">Weight kg\/m\u00b2<\/th>\n<\/tr>\n<\/thead>\n<tbody class=\"row-striping row-hover\">\n<tr class=\"row-2\">\n\t<td class=\"column-1\">4\/4<\/td><td class=\"column-2\">10\/10<\/td><td class=\"column-3\">0,60<\/td><td class=\"column-4\">1,9x1,9<\/td><td class=\"column-5\">57,8<\/td><td class=\"column-6\">1,86<\/td>\n<\/tr>\n<tr class=\"row-3\">\n\t<td class=\"column-1\">8\/7<\/td><td class=\"column-2\">20\/18<\/td><td class=\"column-3\">0,50<\/td><td class=\"column-4\">0,75x0,93<\/td><td class=\"column-5\">39<\/td><td class=\"column-6\">2,29<\/td>\n<\/tr>\n<tr class=\"row-4\">\n\t<td class=\"column-1\">8\/8<\/td><td class=\"column-2\">20\/20<\/td><td class=\"column-3\">0,40<\/td><td class=\"column-4\">0,85x0,85<\/td><td class=\"column-5\">46<\/td><td class=\"column-6\">1,57<\/td>\n<\/tr>\n<tr class=\"row-5\">\n\t<td class=\"column-1\">10\/8<\/td><td class=\"column-2\">25\/20<\/td><td class=\"column-3\">0,40<\/td><td class=\"column-4\">0,60x0,85<\/td><td class=\"column-5\">41<\/td><td class=\"column-6\">1,76<\/td>\n<\/tr>\n<tr class=\"row-6\">\n\t<td class=\"column-1\">10\/10<\/td><td class=\"column-2\">25\/25<\/td><td class=\"column-3\">0,35<\/td><td class=\"column-4\">0,65x0,65<\/td><td class=\"column-5\">42<\/td><td class=\"column-6\">1,50<\/td>\n<\/tr>\n<tr class=\"row-7\">\n\t<td class=\"column-1\">12\/10<\/td><td class=\"column-2\">30\/25<\/td><td class=\"column-3\">0,35<\/td><td class=\"column-4\">0,48x0,65<\/td><td class=\"column-5\">37<\/td><td class=\"column-6\">1,64<\/td>\n<\/tr>\n<tr class=\"row-8\">\n\t<td class=\"column-1\">12\/12<\/td><td class=\"column-2\">30\/30<\/td><td class=\"column-3\">0,30<\/td><td class=\"column-4\">0,53x0,53<\/td><td class=\"column-5\">41<\/td><td class=\"column-6\">1,32<\/td>\n<\/tr>\n<tr class=\"row-9\">\n\t<td class=\"column-1\">14\/14<\/td><td class=\"column-2\">36\/36<\/td><td class=\"column-3\">0,25<\/td><td class=\"column-4\">0,46x0,46<\/td><td class=\"column-5\">42<\/td><td class=\"column-6\">1,07<\/td>\n<\/tr>\n<tr class=\"row-10\">\n\t<td class=\"column-1\">16\/16<\/td><td class=\"column-2\">40\/40<\/td><td class=\"column-3\">0,25<\/td><td class=\"column-4\">0,37x0,37<\/td><td class=\"column-5\">36<\/td><td class=\"column-6\">1,23<\/td>\n<\/tr>\n<tr class=\"row-11\">\n\t<td class=\"column-1\">21\/20<\/td><td class=\"column-2\">53\/51<\/td><td class=\"column-3\">0,22<\/td><td class=\"column-4\">0,26x0,28<\/td><td class=\"column-5\">30<\/td><td class=\"column-6\">1,21<\/td>\n<\/tr>\n<\/tbody>\n<\/table>\n Andra kvaliteter offereras p\u00e5 beg\u00e4ran.Vi v\u00e4ver i tr\u00e5dkvaliteterna 1,4404; 1,4435; 1,4438Max v\u00e4vbredd 8,2 m<\/p>","protected":false},"author":1,"featured_media":0,"parent":0,"menu_order":0,"comment_status":"closed","ping_status":"closed","template":"","meta":{"_et_pb_use_builder":"on","_et_pb_old_content":"","_et_gb_content_width":"","footnotes":""},"class_list":["post-128","page","type-page","status-publish","hentry"],"_links":{"self":[{"href":"https:\/\/www.bruzaholmsstaldukar.se\/en_en\/wp-json\/wp\/v2\/pages\/128","targetHints":{"allow":["GET"]}}],"collection":[{"href":"https:\/\/www.bruzaholmsstaldukar.se\/en_en\/wp-json\/wp\/v2\/pages"}],"about":[{"href":"https:\/\/www.bruzaholmsstaldukar.se\/en_en\/wp-json\/wp\/v2\/types\/page"}],"author":[{"embeddable":true,"href":"https:\/\/www.bruzaholmsstaldukar.se\/en_en\/wp-json\/wp\/v2\/users\/1"}],"replies":[{"embeddable":true,"href":"https:\/\/www.bruzaholmsstaldukar.se\/en_en\/wp-json\/wp\/v2\/comments?post=128"}],"version-history":[{"count":18,"href":"https:\/\/www.bruzaholmsstaldukar.se\/en_en\/wp-json\/wp\/v2\/pages\/128\/revisions"}],"predecessor-version":[{"id":673,"href":"https:\/\/www.bruzaholmsstaldukar.se\/en_en\/wp-json\/wp\/v2\/pages\/128\/revisions\/673"}],"wp:attachment":[{"href":"https:\/\/www.bruzaholmsstaldukar.se\/en_en\/wp-json\/wp\/v2\/media?parent=128"}],"curies":[{"name":"wp","href":"https:\/\/api.w.org\/{rel}","templated":true}]}}