{"id":126,"date":"2021-03-05T11:27:15","date_gmt":"2021-03-05T10:27:15","guid":{"rendered":"http:\/\/bs.mathinic.nu\/?page_id=126"},"modified":"2021-03-23T18:44:49","modified_gmt":"2021-03-23T17:44:49","slug":"produkter","status":"publish","type":"page","link":"https:\/\/www.bruzaholmsstaldukar.se\/en_en\/produkter\/","title":{"rendered":"Products"},"content":{"rendered":"<p>[et_pb_section fb_built=&#8221;1&#8243; custom_padding_last_edited=&#8221;on|desktop&#8221; _builder_version=&#8221;4.9.1&#8243; _module_preset=&#8221;default&#8221; background_enable_image=&#8221;off&#8221; custom_padding=&#8221;70px||97px||false|false&#8221; custom_padding_tablet=&#8221;||140px||false|false&#8221; custom_padding_phone=&#8221;||140px||false|false&#8221; hover_enabled=&#8221;0&#8243; background_enable_color=&#8221;off&#8221; sticky_enabled=&#8221;0&#8243;][et_pb_row column_structure=&#8221;3_5,2_5&#8243; use_custom_gutter=&#8221;on&#8221; gutter_width=&#8221;1&#8243; make_equal=&#8221;on&#8221; _builder_version=&#8221;4.9.1&#8243; _module_preset=&#8221;default&#8221; width_tablet=&#8221;90%&#8221; width_phone=&#8221;90%&#8221; width_last_edited=&#8221;off|desktop&#8221; max_width_tablet=&#8221;90%&#8221; max_width_phone=&#8221;90%&#8221; max_width_last_edited=&#8221;off|desktop&#8221; custom_padding=&#8221;0px||0px||true|&#8221;][et_pb_column type=&#8221;3_5&#8243; _builder_version=&#8221;4.9.1&#8243; _module_preset=&#8221;default&#8221; background_color=&#8221;#FFFFFF&#8221; custom_padding=&#8221;70px||70px||true|true&#8221; custom_padding_tablet=&#8221;&#8221; custom_padding_phone=&#8221;50px|30px|50px|30px|true|true&#8221; custom_padding_last_edited=&#8221;on|desktop&#8221;][et_pb_blurb title=&#8221;BRUZAHOLMS ST\u00c5LDUKAR AB&#8221; use_icon=&#8221;on&#8221; font_icon=&#8221;%%144%%&#8221; icon_placement=&#8221;left&#8221; content_max_width=&#8221;100%&#8221; use_icon_font_size=&#8221;on&#8221; icon_font_size=&#8221;26px&#8221; _builder_version=&#8221;4.9.1&#8243; _module_preset=&#8221;default&#8221; header_font=&#8221;Barlow||||||||&#8221; header_text_align=&#8221;left&#8221; header_text_color=&#8221;#1a1a1a&#8221; header_font_size=&#8221;14px&#8221; header_line_height=&#8221;1.3em&#8221; custom_margin=&#8221;|||-5px|false|false&#8221; animation=&#8221;off&#8221;][\/et_pb_blurb][et_pb_text _builder_version=&#8221;4.9.1&#8243; _module_preset=&#8221;default&#8221; header_3_font=&#8221;Barlow|600|||||||&#8221; header_3_text_align=&#8221;left&#8221; header_3_text_color=&#8221;#1a1a1a&#8221; header_3_font_size=&#8221;48px&#8221; custom_margin=&#8221;3px||||false|false&#8221; header_3_font_size_tablet=&#8221;&#8221; header_3_font_size_phone=&#8221;35px&#8221; header_3_font_size_last_edited=&#8221;on|phone&#8221;]<\/p>\n<h3>D\u00e4rf\u00f6r \u00e4r st\u00e5lduken \u00f6verl\u00e4gsen<\/h3>\n<p>[\/et_pb_text][et_pb_text _builder_version=&#8221;4.9.1&#8243; _module_preset=&#8221;default&#8221; header_3_font=&#8221;Barlow|600|||||||&#8221; header_3_text_align=&#8221;left&#8221; header_3_text_color=&#8221;#1a1a1a&#8221; header_3_font_size=&#8221;48px&#8221; header_5_line_height=&#8221;1.3em&#8221; custom_margin=&#8221;20px||||false|false&#8221; header_3_font_size_tablet=&#8221;&#8221; header_3_font_size_phone=&#8221;35px&#8221; header_3_font_size_last_edited=&#8221;on|phone&#8221;]<\/p>\n<h5><b>St\u00e5lduken<\/b> \u00e4r tillverkad f\u00f6r att klara de tuffa milj\u00f6erna i massa- och pappersindustrin:<\/h5>\n<p>[\/et_pb_text][et_pb_blurb title=&#8221;Den har l\u00e5ng driftstid&#8221; use_icon=&#8221;on&#8221; font_icon=&#8221;%%57%%&#8221; icon_placement=&#8221;left&#8221; use_icon_font_size=&#8221;on&#8221; icon_font_size=&#8221;33px&#8221; _builder_version=&#8221;4.9.1&#8243; _module_preset=&#8221;default&#8221; custom_margin=&#8221;25px||||false|false&#8221; custom_padding=&#8221;||||false|false&#8221; custom_css_blurb_title=&#8221;padding-top:7px;&#8221;][\/et_pb_blurb][et_pb_blurb title=&#8221;Den t\u00e5l h\u00f6ga temperaturer&#8221; use_icon=&#8221;on&#8221; font_icon=&#8221;%%57%%&#8221; icon_placement=&#8221;left&#8221; use_icon_font_size=&#8221;on&#8221; icon_font_size=&#8221;33px&#8221; _builder_version=&#8221;4.9.1&#8243; _module_preset=&#8221;default&#8221; custom_margin=&#8221;15px||||false|false&#8221; custom_padding=&#8221;||||false|false&#8221; custom_css_blurb_title=&#8221;padding-top:7px;&#8221;][\/et_pb_blurb][et_pb_blurb title=&#8221;Den har en mycket god avvattningsf\u00f6rm\u00e5ga&#8221; use_icon=&#8221;on&#8221; font_icon=&#8221;%%57%%&#8221; icon_placement=&#8221;left&#8221; use_icon_font_size=&#8221;on&#8221; icon_font_size=&#8221;33px&#8221; _builder_version=&#8221;4.9.1&#8243; _module_preset=&#8221;default&#8221; custom_margin=&#8221;15px||||false|false&#8221; custom_padding=&#8221;||||false|false&#8221; custom_css_blurb_title=&#8221;padding-top:7px;&#8221;][\/et_pb_blurb][et_pb_blurb title=&#8221;Den \u00e4r l\u00e4tt att h\u00e5lla ren&#8221; use_icon=&#8221;on&#8221; font_icon=&#8221;%%57%%&#8221; icon_placement=&#8221;left&#8221; use_icon_font_size=&#8221;on&#8221; icon_font_size=&#8221;33px&#8221; _builder_version=&#8221;4.9.1&#8243; _module_preset=&#8221;default&#8221; custom_margin=&#8221;15px||||false|false&#8221; custom_padding=&#8221;||||false|false&#8221; custom_css_blurb_title=&#8221;padding-top:7px;&#8221;][\/et_pb_blurb][et_pb_blurb title=&#8221;Den \u00e4r tillverkad av ett \u00e5tervinningsbart material&#8221; use_icon=&#8221;on&#8221; font_icon=&#8221;%%57%%&#8221; icon_placement=&#8221;left&#8221; use_icon_font_size=&#8221;on&#8221; icon_font_size=&#8221;33px&#8221; _builder_version=&#8221;4.9.1&#8243; _module_preset=&#8221;default&#8221; custom_margin=&#8221;15px||||false|false&#8221; custom_padding=&#8221;||||false|false&#8221; custom_css_blurb_title=&#8221;padding-top:7px;&#8221;][\/et_pb_blurb][et_pb_text _builder_version=&#8221;4.9.1&#8243; _module_preset=&#8221;default&#8221; text_font_size=&#8221;16px&#8221; custom_margin=&#8221;25px||||false|false&#8221;]<\/p>\n<p>St\u00e5lduken beh\u00e5ller sin \u00f6ppenhet och goda avvattningsf\u00f6rm\u00e5ga tack vare de t\u00e4ta bindningarna. Dessa ger st\u00f6dpunkter \u00e5t massafibrerna, som inte faller ner och t\u00e4tar dukens \u00f6ppningar. Kombinationen av t\u00e4thet och tr\u00e5ddimension ger v\u00e5ra standarddukar b\u00e5de smidighet och stabilitet. Det underl\u00e4ttar en korrekt montering &#8211; <b>och den kan vi hj\u00e4lpa till med p\u00e5 plats.<\/b><\/p>\n<p>[\/et_pb_text][et_pb_text admin_label=&#8221;Standard&#8221; _builder_version=&#8221;4.9.1&#8243; _module_preset=&#8221;default&#8221; header_3_font=&#8221;Barlow|600|||||||&#8221; header_3_text_align=&#8221;left&#8221; header_3_text_color=&#8221;#1a1a1a&#8221; header_3_font_size=&#8221;32px&#8221; custom_margin=&#8221;30px||||false|false&#8221; custom_margin_tablet=&#8221;||||false|false&#8221; custom_margin_phone=&#8221;||||false|false&#8221; custom_margin_last_edited=&#8221;off|phone&#8221; header_3_font_size_tablet=&#8221;&#8221; header_3_font_size_phone=&#8221;35px&#8221; header_3_font_size_last_edited=&#8221;on|phone&#8221;]<\/p>\n<h3>Standard<\/h3>\n<p>[\/et_pb_text][et_pb_text _builder_version=&#8221;4.9.1&#8243; _module_preset=&#8221;default&#8221; text_font=&#8221;Roboto Condensed||||||||&#8221; text_text_color=&#8221;#808080&#8243; text_font_size=&#8221;15px&#8221; text_line_height=&#8221;1.8em&#8221; custom_margin=&#8221;||||false|false&#8221; custom_padding=&#8221;|||20px|false|false&#8221; border_width_left=&#8221;4px&#8221; border_color_left=&#8221;#3267AB&#8221;]<\/p>\n<p>V\u00e5r standard \u00e4r syrafasta kvaliteter i intervallet 4 &#8211; 21 tr\u00e5dar\/cm med diameter 0,60 &#8211; 0,22 mm och v\u00e5r st\u00f6rsta kvalitet \u00e4r st\u00e5lduk med 12 tr\u00e5dar\/cm och tr\u00e5ddiameter 0,30 mm. Andra kvaliteter kan offereras p\u00e5 beg\u00e4ran.<\/p>\n<p>[\/et_pb_text][et_pb_text admin_label=&#8221;SP-Plugg&#8221; _builder_version=&#8221;4.9.1&#8243; _module_preset=&#8221;default&#8221; header_3_font=&#8221;Barlow|600|||||||&#8221; header_3_text_align=&#8221;left&#8221; header_3_text_color=&#8221;#1a1a1a&#8221; header_3_font_size=&#8221;32px&#8221; custom_margin=&#8221;20px||||false|false&#8221; custom_margin_tablet=&#8221;||||false|false&#8221; custom_margin_phone=&#8221;||||false|false&#8221; custom_margin_last_edited=&#8221;off|phone&#8221; header_3_font_size_tablet=&#8221;&#8221; header_3_font_size_phone=&#8221;35px&#8221; header_3_font_size_last_edited=&#8221;on|phone&#8221;]<\/p>\n<h3>SP-Plugg<\/h3>\n<p>[\/et_pb_text][et_pb_text _builder_version=&#8221;4.9.1&#8243; _module_preset=&#8221;default&#8221; text_font=&#8221;Roboto Condensed||||||||&#8221; text_text_color=&#8221;#808080&#8243; text_font_size=&#8221;15px&#8221; text_line_height=&#8221;1.8em&#8221; custom_margin=&#8221;||||false|false&#8221; custom_padding=&#8221;|||20px|false|false&#8221; border_width_left=&#8221;4px&#8221; border_color_left=&#8221;#3267AB&#8221;]<\/p>\n<p>Vi kan \u00e4ven leverera den sedan m\u00e5nga \u00e5r v\u00e4lk\u00e4nda SP-Pluggen f\u00f6r montering av filterdukar p\u00e5 perforerade trumfilter.<\/p>\n<p>[\/et_pb_text][\/et_pb_column][et_pb_column type=&#8221;2_5&#8243; _builder_version=&#8221;4.9.0&#8243; _module_preset=&#8221;default&#8221;][et_pb_video src=&#8221;https:\/\/youtu.be\/UAR-Noumr7U&#8221; _builder_version=&#8221;4.9.1&#8243; _module_preset=&#8221;default&#8221; custom_margin=&#8221;70px||||false|false&#8221; custom_margin_tablet=&#8221;0px||||false|false&#8221; custom_margin_phone=&#8221;0px||||false|false&#8221; custom_margin_last_edited=&#8221;on|phone&#8221;][\/et_pb_video][et_pb_image src=&#8221;https:\/\/www.bruzaholmsstaldukar.se\/wp-content\/uploads\/2021\/03\/Sta\u030alduk2.jpg&#8221; title_text=&#8221;Sta\u030alduk2&#8243; _builder_version=&#8221;4.9.1&#8243; _module_preset=&#8221;default&#8221; custom_margin=&#8221;70px||-70px||false|false&#8221; custom_margin_tablet=&#8221;0px||0px||false|false&#8221; custom_margin_phone=&#8221;0px||0px||false|false&#8221; custom_margin_last_edited=&#8221;on|tablet&#8221; scroll_vertical_motion=&#8221;0|50|50|100|0.5|0|0.5&#8243; scroll_vertical_motion_tablet=&#8221;0|50|50|100|0|0|0&#8243; scroll_vertical_motion_phone=&#8221;0|50|50|100|0|0|0&#8243; scroll_vertical_motion_last_edited=&#8221;on|phone&#8221;][\/et_pb_image][\/et_pb_column][\/et_pb_row][\/et_pb_section][et_pb_section fb_built=&#8221;1&#8243; _builder_version=&#8221;4.9.1&#8243; _module_preset=&#8221;default&#8221; custom_margin=&#8221;0px||||false|false&#8221; custom_padding=&#8221;0px||||false|false&#8221;][et_pb_row column_structure=&#8221;1_2,1_2&#8243; use_custom_gutter=&#8221;on&#8221; gutter_width=&#8221;2&#8243; make_equal=&#8221;on&#8221; _builder_version=&#8221;4.9.1&#8243; _module_preset=&#8221;default&#8221; width_tablet=&#8221;90%&#8221; width_phone=&#8221;90%&#8221; width_last_edited=&#8221;on|desktop&#8221; max_width_tablet=&#8221;90%&#8221; max_width_phone=&#8221;90%&#8221; max_width_last_edited=&#8221;on|tablet&#8221; custom_padding=&#8221;0px||0px||true|&#8221; locked=&#8221;off&#8221;][et_pb_column type=&#8221;1_2&#8243; _builder_version=&#8221;4.9.0&#8243; _module_preset=&#8221;default&#8221;][\/et_pb_column][et_pb_column type=&#8221;1_2&#8243; _builder_version=&#8221;4.9.0&#8243; _module_preset=&#8221;default&#8221;][\/et_pb_column][\/et_pb_row][et_pb_row column_structure=&#8221;1_4,3_4&#8243; use_custom_gutter=&#8221;on&#8221; gutter_width=&#8221;2&#8243; make_equal=&#8221;on&#8221; _builder_version=&#8221;4.9.1&#8243; _module_preset=&#8221;default&#8221; width_tablet=&#8221;90%&#8221; width_phone=&#8221;90%&#8221; width_last_edited=&#8221;on|desktop&#8221; max_width_tablet=&#8221;90%&#8221; max_width_phone=&#8221;90%&#8221; max_width_last_edited=&#8221;on|tablet&#8221; custom_padding=&#8221;||||true|false&#8221; locked=&#8221;off&#8221;][et_pb_column type=&#8221;1_4&#8243; _builder_version=&#8221;4.9.0&#8243; _module_preset=&#8221;default&#8221;][\/et_pb_column][et_pb_column type=&#8221;3_4&#8243; _builder_version=&#8221;4.9.0&#8243; _module_preset=&#8221;default&#8221;][\/et_pb_column][\/et_pb_row][\/et_pb_section]<\/p>\n","protected":false},"excerpt":{"rendered":"<p>D\u00e4rf\u00f6r \u00e4r st\u00e5lduken \u00f6verl\u00e4gsenSt\u00e5lduken \u00e4r tillverkad f\u00f6r att klara de tuffa milj\u00f6erna i massa- och pappersindustrin:St\u00e5lduken beh\u00e5ller sin \u00f6ppenhet och goda avvattningsf\u00f6rm\u00e5ga tack vare de t\u00e4ta bindningarna. Dessa ger st\u00f6dpunkter \u00e5t massafibrerna, som inte faller ner och t\u00e4tar dukens \u00f6ppningar. Kombinationen av t\u00e4thet och tr\u00e5ddimension ger v\u00e5ra standarddukar b\u00e5de smidighet och stabilitet. Det underl\u00e4ttar en [&hellip;]<\/p>\n","protected":false},"author":1,"featured_media":0,"parent":0,"menu_order":0,"comment_status":"closed","ping_status":"closed","template":"","meta":{"_et_pb_use_builder":"on","_et_pb_old_content":"","_et_gb_content_width":"","footnotes":""},"class_list":["post-126","page","type-page","status-publish","hentry"],"_links":{"self":[{"href":"https:\/\/www.bruzaholmsstaldukar.se\/en_en\/wp-json\/wp\/v2\/pages\/126","targetHints":{"allow":["GET"]}}],"collection":[{"href":"https:\/\/www.bruzaholmsstaldukar.se\/en_en\/wp-json\/wp\/v2\/pages"}],"about":[{"href":"https:\/\/www.bruzaholmsstaldukar.se\/en_en\/wp-json\/wp\/v2\/types\/page"}],"author":[{"embeddable":true,"href":"https:\/\/www.bruzaholmsstaldukar.se\/en_en\/wp-json\/wp\/v2\/users\/1"}],"replies":[{"embeddable":true,"href":"https:\/\/www.bruzaholmsstaldukar.se\/en_en\/wp-json\/wp\/v2\/comments?post=126"}],"version-history":[{"count":53,"href":"https:\/\/www.bruzaholmsstaldukar.se\/en_en\/wp-json\/wp\/v2\/pages\/126\/revisions"}],"predecessor-version":[{"id":406,"href":"https:\/\/www.bruzaholmsstaldukar.se\/en_en\/wp-json\/wp\/v2\/pages\/126\/revisions\/406"}],"wp:attachment":[{"href":"https:\/\/www.bruzaholmsstaldukar.se\/en_en\/wp-json\/wp\/v2\/media?parent=126"}],"curies":[{"name":"wp","href":"https:\/\/api.w.org\/{rel}","templated":true}]}}